{"id":265,"date":"2024-12-11T11:37:46","date_gmt":"2024-12-11T11:37:46","guid":{"rendered":"https:\/\/cakirlar.com\/?page_id=265"},"modified":"2024-12-18T19:33:57","modified_gmt":"2024-12-18T19:33:57","slug":"bulasik-makinesine-dayanikli-iml","status":"publish","type":"page","link":"https:\/\/cakirlar.com\/tr\/bulasik-makinesine-dayanikli-iml\/","title":{"rendered":"Bula\u015f\u0131k Makinesine Dayan\u0131kl\u0131 IML"},"content":{"rendered":"","protected":false},"excerpt":{"rendered":"","protected":false},"author":5,"featured_media":0,"parent":0,"menu_order":0,"comment_status":"closed","ping_status":"closed","template":"","meta":{"inline_featured_image":false,"footnotes":""},"class_list":["post-265","page","type-page","status-publish","hentry"],"_links":{"self":[{"href":"https:\/\/cakirlar.com\/tr\/wp-json\/wp\/v2\/pages\/265","targetHints":{"allow":["GET"]}}],"collection":[{"href":"https:\/\/cakirlar.com\/tr\/wp-json\/wp\/v2\/pages"}],"about":[{"href":"https:\/\/cakirlar.com\/tr\/wp-json\/wp\/v2\/types\/page"}],"author":[{"embeddable":true,"href":"https:\/\/cakirlar.com\/tr\/wp-json\/wp\/v2\/users\/5"}],"replies":[{"embeddable":true,"href":"https:\/\/cakirlar.com\/tr\/wp-json\/wp\/v2\/comments?post=265"}],"version-history":[{"count":5,"href":"https:\/\/cakirlar.com\/tr\/wp-json\/wp\/v2\/pages\/265\/revisions"}],"predecessor-version":[{"id":283,"href":"https:\/\/cakirlar.com\/tr\/wp-json\/wp\/v2\/pages\/265\/revisions\/283"}],"wp:attachment":[{"href":"https:\/\/cakirlar.com\/tr\/wp-json\/wp\/v2\/media?parent=265"}],"curies":[{"name":"wp","href":"https:\/\/api.w.org\/{rel}","templated":true}]}}